{"id":6448,"date":"2017-11-06T10:54:32","date_gmt":"2017-11-06T09:54:32","guid":{"rendered":"https:\/\/fajerwerki.bydgoszcz.pl\/?page_id=6448"},"modified":"2024-10-02T13:07:33","modified_gmt":"2024-10-02T11:07:33","slug":"wholesale","status":"publish","type":"page","link":"https:\/\/fajerwerki.bydgoszcz.pl\/en\/wholesale\/","title":{"rendered":"WHOLESALE"},"content":{"rendered":"<p><\/p>\n<h2>Pyrotechnic wholesale\u00a0&#8211; the biggest in our region<\/h2>\n<p>Our wholesale\u00a0Hanev is a family business run since 1991.<\/p>\n<h2>Pyrotechnic wholesale\u00a0&#8211; the biggest in our region<\/h2>\n<p>Our wholesale\u00a0Hanev is a family business run since 1991.<\/p>\n<p>Wholesale of fireworks requires special care and highest safety standards.<\/p>\n<p>Our company Hanev is a member of Importers and Distributors of Pyrotechnics\u00a0also Association of Pyrotechnic\u00a0Show.<\/p>\n<p>We have\u00a0appropriate documents\u00a0MSWiA (B-118\/2003).<\/p>\n<p>Our employees have suitable training (53\/2004; 250\/2015) knowledge and experience.<\/p>\n<p>During pyrotechnic period we have more than 400 different\u00a0products in 1, 2, 3, 4 class. We select high quality fireworks with all necessary standards. We provide good prices, discount for customers. Every year we choose best products among polish importers such as\u00a0<a href=\"https:\/\/fajerwerki.bydgoszcz.pl\/oferta\/producent\/jorge\/\">JORGE<\/a>, <a href=\"https:\/\/fajerwerki.bydgoszcz.pl\/oferta\/producent\/piromax\/\">PIROMAX<\/a>, <a href=\"https:\/\/fajerwerki.bydgoszcz.pl\/oferta\/producent\/triplex\/\">TRIPLEX<\/a>, <a href=\"https:\/\/fajerwerki.bydgoszcz.pl\/oferta\/producent\/surex\/\">SUREX<\/a>, oraz\u00a0 <a href=\"https:\/\/fajerwerki.bydgoszcz.pl\/oferta\/producent\/tropic\/\">TROPIC.<\/a><\/p>\n<p>&nbsp;<\/p>\n<p>&nbsp;<\/p>\n<div class=\"hurtownia-loga\">\n\n\t\t<style type=\"text\/css\">\n\t\t\t#gallery-2 {\n\t\t\t\tmargin: auto;\n\t\t\t}\n\t\t\t#gallery-2 .gallery-item {\n\t\t\t\tfloat: left;\n\t\t\t\tmargin-top: 10px;\n\t\t\t\ttext-align: center;\n\t\t\t\twidth: 25%;\n\t\t\t}\n\t\t\t#gallery-2 img {\n\t\t\t\tborder: 2px solid #cfcfcf;\n\t\t\t}\n\t\t\t#gallery-2 .gallery-caption {\n\t\t\t\tmargin-left: 0;\n\t\t\t}\n\t\t\t\/* see gallery_shortcode() in wp-includes\/media.php *\/\n\t\t<\/style>\n\t\t<div id='gallery-2' class='gallery galleryid-6448 gallery-columns-4 gallery-size-thumbnail'><dl class='gallery-item'>\n\t\t\t<dt class='gallery-icon landscape'>\n\t\t\t\t<a href='https:\/\/fajerwerki.bydgoszcz.pl\/en\/wholesale\/logo-gaoo2\/'><img loading=\"lazy\" decoding=\"async\" width=\"160\" height=\"120\" src=\"https:\/\/fajerwerki.bydgoszcz.pl\/wp-content\/uploads\/2024\/04\/logo-GAOO2-160x120.jpg\" class=\"attachment-thumbnail size-thumbnail\" alt=\"\" \/><\/a>\n\t\t\t<\/dt><\/dl><dl class='gallery-item'>\n\t\t\t<dt class='gallery-icon landscape'>\n\t\t\t\t<a href='https:\/\/fajerwerki.bydgoszcz.pl\/en\/wholesale\/logo-jorge-3\/'><img loading=\"lazy\" decoding=\"async\" width=\"160\" height=\"120\" src=\"https:\/\/fajerwerki.bydgoszcz.pl\/wp-content\/uploads\/2024\/04\/logo-jorge-160x120.jpg\" class=\"attachment-thumbnail size-thumbnail\" alt=\"\" \/><\/a>\n\t\t\t<\/dt><\/dl><dl class='gallery-item'>\n\t\t\t<dt class='gallery-icon landscape'>\n\t\t\t\t<a href='https:\/\/fajerwerki.bydgoszcz.pl\/en\/about-us\/logo-iskra-2\/'><img loading=\"lazy\" decoding=\"async\" width=\"174\" height=\"112\" src=\"https:\/\/fajerwerki.bydgoszcz.pl\/wp-content\/uploads\/2024\/09\/logo-iskra-1-e1726651217112.jpg\" class=\"attachment-thumbnail size-thumbnail\" alt=\"\" \/><\/a>\n\t\t\t<\/dt><\/dl><dl class='gallery-item'>\n\t\t\t<dt class='gallery-icon landscape'>\n\t\t\t\t<a href='https:\/\/fajerwerki.bydgoszcz.pl\/en\/wholesale\/logo-srpyro-b\/'><img loading=\"lazy\" decoding=\"async\" width=\"160\" height=\"120\" src=\"https:\/\/fajerwerki.bydgoszcz.pl\/wp-content\/uploads\/2024\/04\/logo-srpyro-b-160x120.jpg\" class=\"attachment-thumbnail size-thumbnail\" alt=\"\" \/><\/a>\n\t\t\t<\/dt><\/dl><br style=\"clear: both\" \/><dl class='gallery-item'>\n\t\t\t<dt class='gallery-icon landscape'>\n\t\t\t\t<a href='https:\/\/fajerwerki.bydgoszcz.pl\/en\/wholesale\/logo-mt-2\/'><img loading=\"lazy\" decoding=\"async\" width=\"160\" height=\"120\" src=\"https:\/\/fajerwerki.bydgoszcz.pl\/wp-content\/uploads\/2024\/04\/logo-MT-160x120.jpg\" class=\"attachment-thumbnail size-thumbnail\" alt=\"\" \/><\/a>\n\t\t\t<\/dt><\/dl><dl class='gallery-item'>\n\t\t\t<dt class='gallery-icon landscape'>\n\t\t\t\t<a href='https:\/\/fajerwerki.bydgoszcz.pl\/en\/wholesale\/logo-piromax-2\/'><img loading=\"lazy\" decoding=\"async\" width=\"160\" height=\"120\" src=\"https:\/\/fajerwerki.bydgoszcz.pl\/wp-content\/uploads\/2024\/04\/logo-piromax-160x120.png\" class=\"attachment-thumbnail size-thumbnail\" alt=\"\" \/><\/a>\n\t\t\t<\/dt><\/dl><dl class='gallery-item'>\n\t\t\t<dt class='gallery-icon landscape'>\n\t\t\t\t<a href='https:\/\/fajerwerki.bydgoszcz.pl\/en\/logo-srpyro\/'><img loading=\"lazy\" decoding=\"async\" width=\"160\" height=\"120\" src=\"https:\/\/fajerwerki.bydgoszcz.pl\/wp-content\/uploads\/2022\/10\/logo-srpyro-160x120.jpg\" class=\"attachment-thumbnail size-thumbnail\" alt=\"\" srcset=\"https:\/\/fajerwerki.bydgoszcz.pl\/wp-content\/uploads\/2022\/10\/logo-srpyro-160x120.jpg 160w, https:\/\/fajerwerki.bydgoszcz.pl\/wp-content\/uploads\/2022\/10\/logo-srpyro.jpg 200w\" sizes=\"auto, (max-width: 160px) 100vw, 160px\" \/><\/a>\n\t\t\t<\/dt><\/dl><dl class='gallery-item'>\n\t\t\t<dt class='gallery-icon landscape'>\n\t\t\t\t<a href='https:\/\/fajerwerki.bydgoszcz.pl\/en\/about-us\/logo-triplexw\/'><img loading=\"lazy\" decoding=\"async\" width=\"160\" height=\"120\" src=\"https:\/\/fajerwerki.bydgoszcz.pl\/wp-content\/uploads\/2023\/01\/logo-triplexW-160x120.jpg\" class=\"attachment-thumbnail size-thumbnail\" alt=\"\" \/><\/a>\n\t\t\t<\/dt><\/dl><br style=\"clear: both\" \/><dl class='gallery-item'>\n\t\t\t<dt class='gallery-icon landscape'>\n\t\t\t\t<a href='https:\/\/fajerwerki.bydgoszcz.pl\/en\/wholesale\/logo-surex-2\/'><img loading=\"lazy\" decoding=\"async\" width=\"160\" height=\"120\" src=\"https:\/\/fajerwerki.bydgoszcz.pl\/wp-content\/uploads\/2024\/04\/logo-surex-160x120.png\" class=\"attachment-thumbnail size-thumbnail\" alt=\"\" \/><\/a>\n\t\t\t<\/dt><\/dl><dl class='gallery-item'>\n\t\t\t<dt class='gallery-icon landscape'>\n\t\t\t\t<a href='https:\/\/fajerwerki.bydgoszcz.pl\/en\/about-us\/logo-zombum-2\/'><img loading=\"lazy\" decoding=\"async\" width=\"174\" height=\"112\" src=\"https:\/\/fajerwerki.bydgoszcz.pl\/wp-content\/uploads\/2024\/09\/logo-zombum-1-e1726651194551.jpg\" class=\"attachment-thumbnail size-thumbnail\" alt=\"\" \/><\/a>\n\t\t\t<\/dt><\/dl><dl class='gallery-item'>\n\t\t\t<dt class='gallery-icon landscape'>\n\t\t\t\t<a href='https:\/\/fajerwerki.bydgoszcz.pl\/en\/about-us\/logo-funke-2\/'><img loading=\"lazy\" decoding=\"async\" width=\"174\" height=\"112\" src=\"https:\/\/fajerwerki.bydgoszcz.pl\/wp-content\/uploads\/2024\/09\/logo-funke-1-e1726655788985.png\" class=\"attachment-thumbnail size-thumbnail\" alt=\"\" \/><\/a>\n\t\t\t<\/dt><\/dl>\n\t\t\t<br style='clear: both' \/>\n\t\t<\/div>\n\n<\/div>\n<p><\/p>","protected":false},"excerpt":{"rendered":"<p>Pyrotechnic wholesale\u00a0&#8211; the biggest in our region Our wholesale\u00a0Hanev is a family business run since 1991. Pyrotechnic wholesale\u00a0&#8211; the biggest in our region Our wholesale\u00a0Hanev is a family business run since 1991. Wholesale of fireworks requires special care and highest safety standards. Our company Hanev is a member of Importers and Distributors of Pyrotechnics\u00a0also Association [&hellip;]<\/p>\n","protected":false},"author":1,"featured_media":0,"parent":0,"menu_order":1,"comment_status":"closed","ping_status":"closed","template":"","meta":{"footnotes":""},"class_list":["post-6448","page","type-page","status-publish","hentry"],"yoast_head":"<!-- This site is optimized with the Yoast SEO plugin v27.5 - https:\/\/yoast.com\/product\/yoast-seo-wordpress\/ -->\n<title>Hurtownia fajerwerk\u00f3w Piromax, Triplex, Jorge, Tropic, Surex<\/title>\n<meta name=\"description\" content=\"Najwi\u0119ksza i najta\u0144sza hurtownia fajerwerk\u00f3w w regionie. Dystrybutor marek Piromax, Triplex, Jorge, Tropic i Surex. Szybka realizacja. Bogaty asortyment.\" \/>\n<meta name=\"robots\" content=\"index, follow, max-snippet:-1, max-image-preview:large, max-video-preview:-1\" \/>\n<link rel=\"canonical\" href=\"https:\/\/fajerwerki.bydgoszcz.pl\/hurtownia\/\" \/>\n<meta property=\"og:locale\" content=\"en_US\" \/>\n<meta property=\"og:type\" content=\"article\" \/>\n<meta property=\"og:title\" content=\"[:pl]Hurtownia fajerwerk\u00f3w Piromax, Triplex, Jorge, Tropic, Surex[:]\" \/>\n<meta property=\"og:description\" content=\"{:pl}Najwi\u0119ksza i najta\u0144sza hurtownia fajerwerk\u00f3w w regionie. Dystrybutor marek Piromax, Triplex, Jorge, Tropic i Surex. Szybka realizacja. Bogaty asortyment.{:}\" \/>\n<meta property=\"og:url\" content=\"https:\/\/fajerwerki.bydgoszcz.pl\/hurtownia\/\" \/>\n<meta property=\"og:site_name\" content=\"HANEV fireworks wholsale JORGE KOMETA MAXSEM TRIPLEX PIROMAX\" \/>\n<meta property=\"article:modified_time\" content=\"2024-10-02T11:07:33+00:00\" \/>\n<meta property=\"og:image\" content=\"https:\/\/fajerwerki.bydgoszcz.pl\/wp-content\/uploads\/2024\/04\/logo-GAOO2-160x120.jpg\" \/>\n<meta name=\"twitter:card\" content=\"summary_large_image\" \/>\n<meta name=\"twitter:label1\" content=\"Est. reading time\" \/>\n\t<meta name=\"twitter:data1\" content=\"2 minutes\" \/>\n<script type=\"application\/ld+json\" class=\"yoast-schema-graph\">{\"@context\":\"https:\\\/\\\/schema.org\",\"@graph\":[{\"@type\":\"WebPage\",\"@id\":\"https:\\\/\\\/fajerwerki.bydgoszcz.pl\\\/hurtownia\\\/\",\"url\":\"https:\\\/\\\/fajerwerki.bydgoszcz.pl\\\/hurtownia\\\/\",\"name\":\"[:pl]Hurtownia fajerwerk\u00f3w Piromax, Triplex, Jorge, Tropic, Surex[:]\",\"isPartOf\":{\"@id\":\"https:\\\/\\\/fajerwerki.bydgoszcz.pl\\\/#website\"},\"datePublished\":\"2017-11-06T09:54:32+00:00\",\"dateModified\":\"2024-10-02T11:07:33+00:00\",\"description\":\"{:pl}Najwi\u0119ksza i najta\u0144sza hurtownia fajerwerk\u00f3w w regionie. Dystrybutor marek Piromax, Triplex, Jorge, Tropic i Surex. Szybka realizacja. Bogaty asortyment.{:}\",\"breadcrumb\":{\"@id\":\"https:\\\/\\\/fajerwerki.bydgoszcz.pl\\\/hurtownia\\\/#breadcrumb\"},\"inLanguage\":\"en-US\",\"potentialAction\":[{\"@type\":\"ReadAction\",\"target\":[\"https:\\\/\\\/fajerwerki.bydgoszcz.pl\\\/hurtownia\\\/\"]}]},{\"@type\":\"BreadcrumbList\",\"@id\":\"https:\\\/\\\/fajerwerki.bydgoszcz.pl\\\/hurtownia\\\/#breadcrumb\",\"itemListElement\":[{\"@type\":\"ListItem\",\"position\":1,\"name\":\"Strona g\u0142\u00f3wna\",\"item\":\"https:\\\/\\\/fajerwerki.bydgoszcz.pl\\\/\"},{\"@type\":\"ListItem\",\"position\":2,\"name\":\"Hurtownia fajerwerk\u00f3w\"}]},{\"@type\":\"WebSite\",\"@id\":\"https:\\\/\\\/fajerwerki.bydgoszcz.pl\\\/#website\",\"url\":\"https:\\\/\\\/fajerwerki.bydgoszcz.pl\\\/\",\"name\":\"HANEV fireworks wholsale JORGE KOMETA MAXSEM TRIPLEX PIROMAX\",\"description\":\"The largest fireworks warehouse in the region. Distributor JORGE, KOMETA, MAXSEM, TRIPLEX, PIROMAX. Excellent prices, convenient conditions for cooperation. Welcome!\",\"potentialAction\":[{\"@type\":\"SearchAction\",\"target\":{\"@type\":\"EntryPoint\",\"urlTemplate\":\"https:\\\/\\\/fajerwerki.bydgoszcz.pl\\\/?s={search_term_string}\"},\"query-input\":{\"@type\":\"PropertyValueSpecification\",\"valueRequired\":true,\"valueName\":\"search_term_string\"}}],\"inLanguage\":\"en-US\"}]}<\/script>\n<!-- \/ Yoast SEO plugin. -->","yoast_head_json":{"title":"Hurtownia fajerwerk\u00f3w Piromax, Triplex, Jorge, Tropic, Surex","description":"Najwi\u0119ksza i najta\u0144sza hurtownia fajerwerk\u00f3w w regionie. Dystrybutor marek Piromax, Triplex, Jorge, Tropic i Surex. Szybka realizacja. Bogaty asortyment.","robots":{"index":"index","follow":"follow","max-snippet":"max-snippet:-1","max-image-preview":"max-image-preview:large","max-video-preview":"max-video-preview:-1"},"canonical":"https:\/\/fajerwerki.bydgoszcz.pl\/hurtownia\/","og_locale":"en_US","og_type":"article","og_title":"[:pl]Hurtownia fajerwerk\u00f3w Piromax, Triplex, Jorge, Tropic, Surex[:]","og_description":"{:pl}Najwi\u0119ksza i najta\u0144sza hurtownia fajerwerk\u00f3w w regionie. Dystrybutor marek Piromax, Triplex, Jorge, Tropic i Surex. Szybka realizacja. Bogaty asortyment.{:}","og_url":"https:\/\/fajerwerki.bydgoszcz.pl\/hurtownia\/","og_site_name":"HANEV fireworks wholsale JORGE KOMETA MAXSEM TRIPLEX PIROMAX","article_modified_time":"2024-10-02T11:07:33+00:00","og_image":[{"url":"https:\/\/fajerwerki.bydgoszcz.pl\/wp-content\/uploads\/2024\/04\/logo-GAOO2-160x120.jpg","type":"","width":"","height":""}],"twitter_card":"summary_large_image","twitter_misc":{"Est. reading time":"2 minutes"},"schema":{"@context":"https:\/\/schema.org","@graph":[{"@type":"WebPage","@id":"https:\/\/fajerwerki.bydgoszcz.pl\/hurtownia\/","url":"https:\/\/fajerwerki.bydgoszcz.pl\/hurtownia\/","name":"[:pl]Hurtownia fajerwerk\u00f3w Piromax, Triplex, Jorge, Tropic, Surex[:]","isPartOf":{"@id":"https:\/\/fajerwerki.bydgoszcz.pl\/#website"},"datePublished":"2017-11-06T09:54:32+00:00","dateModified":"2024-10-02T11:07:33+00:00","description":"{:pl}Najwi\u0119ksza i najta\u0144sza hurtownia fajerwerk\u00f3w w regionie. Dystrybutor marek Piromax, Triplex, Jorge, Tropic i Surex. Szybka realizacja. Bogaty asortyment.{:}","breadcrumb":{"@id":"https:\/\/fajerwerki.bydgoszcz.pl\/hurtownia\/#breadcrumb"},"inLanguage":"en-US","potentialAction":[{"@type":"ReadAction","target":["https:\/\/fajerwerki.bydgoszcz.pl\/hurtownia\/"]}]},{"@type":"BreadcrumbList","@id":"https:\/\/fajerwerki.bydgoszcz.pl\/hurtownia\/#breadcrumb","itemListElement":[{"@type":"ListItem","position":1,"name":"Strona g\u0142\u00f3wna","item":"https:\/\/fajerwerki.bydgoszcz.pl\/"},{"@type":"ListItem","position":2,"name":"Hurtownia fajerwerk\u00f3w"}]},{"@type":"WebSite","@id":"https:\/\/fajerwerki.bydgoszcz.pl\/#website","url":"https:\/\/fajerwerki.bydgoszcz.pl\/","name":"HANEV fireworks wholsale JORGE KOMETA MAXSEM TRIPLEX PIROMAX","description":"The largest fireworks warehouse in the region. Distributor JORGE, KOMETA, MAXSEM, TRIPLEX, PIROMAX. Excellent prices, convenient conditions for cooperation. Welcome!","potentialAction":[{"@type":"SearchAction","target":{"@type":"EntryPoint","urlTemplate":"https:\/\/fajerwerki.bydgoszcz.pl\/?s={search_term_string}"},"query-input":{"@type":"PropertyValueSpecification","valueRequired":true,"valueName":"search_term_string"}}],"inLanguage":"en-US"}]}},"_links":{"self":[{"href":"https:\/\/fajerwerki.bydgoszcz.pl\/en\/wp-json\/wp\/v2\/pages\/6448","targetHints":{"allow":["GET"]}}],"collection":[{"href":"https:\/\/fajerwerki.bydgoszcz.pl\/en\/wp-json\/wp\/v2\/pages"}],"about":[{"href":"https:\/\/fajerwerki.bydgoszcz.pl\/en\/wp-json\/wp\/v2\/types\/page"}],"author":[{"embeddable":true,"href":"https:\/\/fajerwerki.bydgoszcz.pl\/en\/wp-json\/wp\/v2\/users\/1"}],"replies":[{"embeddable":true,"href":"https:\/\/fajerwerki.bydgoszcz.pl\/en\/wp-json\/wp\/v2\/comments?post=6448"}],"version-history":[{"count":26,"href":"https:\/\/fajerwerki.bydgoszcz.pl\/en\/wp-json\/wp\/v2\/pages\/6448\/revisions"}],"predecessor-version":[{"id":11500,"href":"https:\/\/fajerwerki.bydgoszcz.pl\/en\/wp-json\/wp\/v2\/pages\/6448\/revisions\/11500"}],"wp:attachment":[{"href":"https:\/\/fajerwerki.bydgoszcz.pl\/en\/wp-json\/wp\/v2\/media?parent=6448"}],"curies":[{"name":"wp","href":"https:\/\/api.w.org\/{rel}","templated":true}]}}